{"id":9657,"date":"2021-08-16T15:10:40","date_gmt":"2021-08-16T13:10:40","guid":{"rendered":"https:\/\/www.hotelerb.sk\/maisonetten\/"},"modified":"2024-08-13T14:43:10","modified_gmt":"2024-08-13T12:43:10","slug":"maisonetten","status":"publish","type":"page","link":"https:\/\/www.hotelerb.sk\/de\/maisonetten\/","title":{"rendered":"Maisonetten"},"content":{"rendered":"\n<div style=\"text-align: center;\"><a class=\"button\" href=\"https:\/\/www.secure-hotel-booking.com\/Boutique-Hotel-ERB\/J1W4\/sk-SK?hotelId=24666&amp;roomID=116535\" target=\"_blank\" rel=\"noopener\">REZERVOVA\u0164<\/a><\/div>\n<p><\/br><\/p>\n","protected":false},"excerpt":{"rendered":"","protected":false},"author":1,"featured_media":0,"parent":0,"menu_order":0,"comment_status":"closed","ping_status":"closed","template":"","meta":{"inline_featured_image":false,"footnotes":""},"class_list":["post-9657","page","type-page","status-publish","hentry"],"yoast_head":"<!-- This site is optimized with the Yoast SEO plugin v27.4 - https:\/\/yoast.com\/product\/yoast-seo-wordpress\/ -->\n<title>Maisonette-Wohnungen mit sch\u00f6nem Blick - Boutique Hotel ERB<\/title>\n<meta name=\"description\" content=\"Wo m\u00f6chten Sie am liebsten suchen? Zu den ruhigen Gr\u00fcnfl\u00e4chen oder zu den T\u00fcrmen des historischen Zentrums? In unseren Duplexen finden Sie den Komfort von zwei Etagen.\" \/>\n<meta name=\"robots\" content=\"index, follow, max-snippet:-1, max-image-preview:large, max-video-preview:-1\" \/>\n<link rel=\"canonical\" href=\"https:\/\/www.hotelerb.sk\/de\/maisonetten\/\" \/>\n<meta property=\"og:locale\" content=\"de_DE\" \/>\n<meta property=\"og:type\" content=\"article\" \/>\n<meta property=\"og:title\" content=\"Maisonette-Wohnungen mit sch\u00f6nem Blick - Boutique Hotel ERB\" \/>\n<meta property=\"og:description\" content=\"Wo m\u00f6chten Sie am liebsten suchen? Zu den ruhigen Gr\u00fcnfl\u00e4chen oder zu den T\u00fcrmen des historischen Zentrums? In unseren Duplexen finden Sie den Komfort von zwei Etagen.\" \/>\n<meta property=\"og:url\" content=\"https:\/\/www.hotelerb.sk\/de\/maisonetten\/\" \/>\n<meta property=\"og:site_name\" content=\"Boutique Hotel ERB\" \/>\n<meta property=\"article:publisher\" content=\"https:\/\/www.facebook.com\/Boutique-Hotel-ERB-104871868824106\" \/>\n<meta property=\"article:modified_time\" content=\"2024-08-13T12:43:10+00:00\" \/>\n<meta property=\"og:image\" content=\"https:\/\/www.hotelerb.sk\/wp-content\/uploads\/2024\/10\/PWH_3175.jpg\" \/>\n\t<meta property=\"og:image:width\" content=\"1920\" \/>\n\t<meta property=\"og:image:height\" content=\"1280\" \/>\n\t<meta property=\"og:image:type\" content=\"image\/jpeg\" \/>\n<meta name=\"twitter:card\" content=\"summary_large_image\" \/>\n<script type=\"application\/ld+json\" class=\"yoast-schema-graph\">{\"@context\":\"https:\\\/\\\/schema.org\",\"@graph\":[{\"@type\":\"WebPage\",\"@id\":\"https:\\\/\\\/www.hotelerb.sk\\\/de\\\/maisonetten\\\/\",\"url\":\"https:\\\/\\\/www.hotelerb.sk\\\/de\\\/maisonetten\\\/\",\"name\":\"Maisonette-Wohnungen mit sch\u00f6nem Blick - Boutique Hotel ERB\",\"isPartOf\":{\"@id\":\"https:\\\/\\\/www.hotelerb.sk\\\/de\\\/#website\"},\"datePublished\":\"2021-08-16T13:10:40+00:00\",\"dateModified\":\"2024-08-13T12:43:10+00:00\",\"description\":\"Wo m\u00f6chten Sie am liebsten suchen? Zu den ruhigen Gr\u00fcnfl\u00e4chen oder zu den T\u00fcrmen des historischen Zentrums? In unseren Duplexen finden Sie den Komfort von zwei Etagen.\",\"breadcrumb\":{\"@id\":\"https:\\\/\\\/www.hotelerb.sk\\\/de\\\/maisonetten\\\/#breadcrumb\"},\"inLanguage\":\"de\",\"potentialAction\":[{\"@type\":\"ReadAction\",\"target\":[\"https:\\\/\\\/www.hotelerb.sk\\\/de\\\/maisonetten\\\/\"]}]},{\"@type\":\"BreadcrumbList\",\"@id\":\"https:\\\/\\\/www.hotelerb.sk\\\/de\\\/maisonetten\\\/#breadcrumb\",\"itemListElement\":[{\"@type\":\"ListItem\",\"position\":1,\"name\":\"Home\",\"item\":\"https:\\\/\\\/www.hotelerb.sk\\\/de\\\/\"},{\"@type\":\"ListItem\",\"position\":2,\"name\":\"Maisonetten\"}]},{\"@type\":\"WebSite\",\"@id\":\"https:\\\/\\\/www.hotelerb.sk\\\/de\\\/#website\",\"url\":\"https:\\\/\\\/www.hotelerb.sk\\\/de\\\/\",\"name\":\"Boutique Hotel ERB\",\"description\":\"Tich\u00fd komfort v centre \u0160tiavnice\",\"publisher\":{\"@id\":\"https:\\\/\\\/www.hotelerb.sk\\\/de\\\/#organization\"},\"potentialAction\":[{\"@type\":\"SearchAction\",\"target\":{\"@type\":\"EntryPoint\",\"urlTemplate\":\"https:\\\/\\\/www.hotelerb.sk\\\/de\\\/?s={search_term_string}\"},\"query-input\":{\"@type\":\"PropertyValueSpecification\",\"valueRequired\":true,\"valueName\":\"search_term_string\"}}],\"inLanguage\":\"de\"},{\"@type\":\"Organization\",\"@id\":\"https:\\\/\\\/www.hotelerb.sk\\\/de\\\/#organization\",\"name\":\"Boutique Hotel ERB\",\"url\":\"https:\\\/\\\/www.hotelerb.sk\\\/de\\\/\",\"logo\":{\"@type\":\"ImageObject\",\"inLanguage\":\"de\",\"@id\":\"https:\\\/\\\/www.hotelerb.sk\\\/de\\\/#\\\/schema\\\/logo\\\/image\\\/\",\"url\":\"https:\\\/\\\/www.hotelerb.sk\\\/wp-content\\\/uploads\\\/2021\\\/09\\\/logoERBHotelBAsset-2.png\",\"contentUrl\":\"https:\\\/\\\/www.hotelerb.sk\\\/wp-content\\\/uploads\\\/2021\\\/09\\\/logoERBHotelBAsset-2.png\",\"width\":125,\"height\":201,\"caption\":\"Boutique Hotel ERB\"},\"image\":{\"@id\":\"https:\\\/\\\/www.hotelerb.sk\\\/de\\\/#\\\/schema\\\/logo\\\/image\\\/\"},\"sameAs\":[\"https:\\\/\\\/www.facebook.com\\\/Boutique-Hotel-ERB-104871868824106\"]}]}<\/script>\n<!-- \/ Yoast SEO plugin. -->","yoast_head_json":{"title":"Maisonette-Wohnungen mit sch\u00f6nem Blick - Boutique Hotel ERB","description":"Wo m\u00f6chten Sie am liebsten suchen? Zu den ruhigen Gr\u00fcnfl\u00e4chen oder zu den T\u00fcrmen des historischen Zentrums? In unseren Duplexen finden Sie den Komfort von zwei Etagen.","robots":{"index":"index","follow":"follow","max-snippet":"max-snippet:-1","max-image-preview":"max-image-preview:large","max-video-preview":"max-video-preview:-1"},"canonical":"https:\/\/www.hotelerb.sk\/de\/maisonetten\/","og_locale":"de_DE","og_type":"article","og_title":"Maisonette-Wohnungen mit sch\u00f6nem Blick - Boutique Hotel ERB","og_description":"Wo m\u00f6chten Sie am liebsten suchen? Zu den ruhigen Gr\u00fcnfl\u00e4chen oder zu den T\u00fcrmen des historischen Zentrums? In unseren Duplexen finden Sie den Komfort von zwei Etagen.","og_url":"https:\/\/www.hotelerb.sk\/de\/maisonetten\/","og_site_name":"Boutique Hotel ERB","article_publisher":"https:\/\/www.facebook.com\/Boutique-Hotel-ERB-104871868824106","article_modified_time":"2024-08-13T12:43:10+00:00","og_image":[{"width":1920,"height":1280,"url":"https:\/\/www.hotelerb.sk\/wp-content\/uploads\/2024\/10\/PWH_3175.jpg","type":"image\/jpeg"}],"twitter_card":"summary_large_image","schema":{"@context":"https:\/\/schema.org","@graph":[{"@type":"WebPage","@id":"https:\/\/www.hotelerb.sk\/de\/maisonetten\/","url":"https:\/\/www.hotelerb.sk\/de\/maisonetten\/","name":"Maisonette-Wohnungen mit sch\u00f6nem Blick - Boutique Hotel ERB","isPartOf":{"@id":"https:\/\/www.hotelerb.sk\/de\/#website"},"datePublished":"2021-08-16T13:10:40+00:00","dateModified":"2024-08-13T12:43:10+00:00","description":"Wo m\u00f6chten Sie am liebsten suchen? Zu den ruhigen Gr\u00fcnfl\u00e4chen oder zu den T\u00fcrmen des historischen Zentrums? In unseren Duplexen finden Sie den Komfort von zwei Etagen.","breadcrumb":{"@id":"https:\/\/www.hotelerb.sk\/de\/maisonetten\/#breadcrumb"},"inLanguage":"de","potentialAction":[{"@type":"ReadAction","target":["https:\/\/www.hotelerb.sk\/de\/maisonetten\/"]}]},{"@type":"BreadcrumbList","@id":"https:\/\/www.hotelerb.sk\/de\/maisonetten\/#breadcrumb","itemListElement":[{"@type":"ListItem","position":1,"name":"Home","item":"https:\/\/www.hotelerb.sk\/de\/"},{"@type":"ListItem","position":2,"name":"Maisonetten"}]},{"@type":"WebSite","@id":"https:\/\/www.hotelerb.sk\/de\/#website","url":"https:\/\/www.hotelerb.sk\/de\/","name":"Boutique Hotel ERB","description":"Tich\u00fd komfort v centre \u0160tiavnice","publisher":{"@id":"https:\/\/www.hotelerb.sk\/de\/#organization"},"potentialAction":[{"@type":"SearchAction","target":{"@type":"EntryPoint","urlTemplate":"https:\/\/www.hotelerb.sk\/de\/?s={search_term_string}"},"query-input":{"@type":"PropertyValueSpecification","valueRequired":true,"valueName":"search_term_string"}}],"inLanguage":"de"},{"@type":"Organization","@id":"https:\/\/www.hotelerb.sk\/de\/#organization","name":"Boutique Hotel ERB","url":"https:\/\/www.hotelerb.sk\/de\/","logo":{"@type":"ImageObject","inLanguage":"de","@id":"https:\/\/www.hotelerb.sk\/de\/#\/schema\/logo\/image\/","url":"https:\/\/www.hotelerb.sk\/wp-content\/uploads\/2021\/09\/logoERBHotelBAsset-2.png","contentUrl":"https:\/\/www.hotelerb.sk\/wp-content\/uploads\/2021\/09\/logoERBHotelBAsset-2.png","width":125,"height":201,"caption":"Boutique Hotel ERB"},"image":{"@id":"https:\/\/www.hotelerb.sk\/de\/#\/schema\/logo\/image\/"},"sameAs":["https:\/\/www.facebook.com\/Boutique-Hotel-ERB-104871868824106"]}]}},"_links":{"self":[{"href":"https:\/\/www.hotelerb.sk\/de\/wp-json\/wp\/v2\/pages\/9657","targetHints":{"allow":["GET"]}}],"collection":[{"href":"https:\/\/www.hotelerb.sk\/de\/wp-json\/wp\/v2\/pages"}],"about":[{"href":"https:\/\/www.hotelerb.sk\/de\/wp-json\/wp\/v2\/types\/page"}],"author":[{"embeddable":true,"href":"https:\/\/www.hotelerb.sk\/de\/wp-json\/wp\/v2\/users\/1"}],"replies":[{"embeddable":true,"href":"https:\/\/www.hotelerb.sk\/de\/wp-json\/wp\/v2\/comments?post=9657"}],"version-history":[{"count":2,"href":"https:\/\/www.hotelerb.sk\/de\/wp-json\/wp\/v2\/pages\/9657\/revisions"}],"predecessor-version":[{"id":10180,"href":"https:\/\/www.hotelerb.sk\/de\/wp-json\/wp\/v2\/pages\/9657\/revisions\/10180"}],"wp:attachment":[{"href":"https:\/\/www.hotelerb.sk\/de\/wp-json\/wp\/v2\/media?parent=9657"}],"curies":[{"name":"wp","href":"https:\/\/api.w.org\/{rel}","templated":true}]}}